{"id":520,"date":"2024-02-05T16:39:51","date_gmt":"2024-02-05T15:39:51","guid":{"rendered":"https:\/\/zahradkari-zelec.cz\/?page_id=520"},"modified":"2025-09-26T13:27:21","modified_gmt":"2025-09-26T11:27:21","slug":"o-nas","status":"publish","type":"page","link":"https:\/\/zahradkari-zelec.cz\/index.php\/o-nas\/","title":{"rendered":"O n\u00e1s"},"content":{"rendered":"\n<div class=\"wp-block-group alignfull has-accent-2-background-color has-background has-global-padding is-layout-constrained wp-container-core-group-is-layout-669513ed wp-block-group-is-layout-constrained\" style=\"margin-top:0;margin-bottom:0;padding-top:var(--wp--preset--spacing--50);padding-right:var(--wp--preset--spacing--50);padding-bottom:var(--wp--preset--spacing--50);padding-left:var(--wp--preset--spacing--50)\">\n<div class=\"wp-block-columns alignwide is-layout-flex wp-container-core-columns-is-layout-28f84493 wp-block-columns-is-layout-flex\">\n<div class=\"wp-block-column is-layout-flow wp-block-column-is-layout-flow\" style=\"flex-basis:40%\">\n<p class=\"wp-container-content-0733e5d0\">O spolku<\/p>\n<\/div>\n\n\n\n<div class=\"wp-block-column is-layout-flow wp-block-column-is-layout-flow\" style=\"flex-basis:60%\">\n<p class=\"has-body-font-family has-medium-font-size\" style=\"line-height:1.7\">Dobr\u00fd den, dovolte, abychom se p\u0159edstavili. Jsme \u201cSpolek zahr\u00e1dk\u00e1\u0159\u016f \u017dele\u010d\u201d, samostatn\u00e1 organizace se s\u00eddlem v \u017del\u010di \u201cna mo\u0161t\u00e1rn\u011b\u201d. P\u016fvodn\u00ed organizace \u010cesk\u00fd svaz zahr\u00e1dk\u00e1\u0159\u016f (\u010cSZ), kter\u00e1 dlouh\u00e1 l\u00e9ta v na\u0161\u00ed obci p\u016fsobila a jej\u00edm\u017e \u010dlenem jsme byli, zanikla. Dob\u0159\u00ed a zku\u0161en\u00ed zahr\u00e1dk\u00e1\u0159i s n\u00e1mi z\u016fstali a my od nich st\u00e1le&nbsp; \u010derp\u00e1me cenn\u00e9 rady a ponau\u010den\u00ed. Za to jim pat\u0159\u00ed pod\u011bkov\u00e1n\u00ed.<\/p>\n<\/div>\n<\/div>\n\n\n\n<figure class=\"wp-block-image alignwide size-large is-style-rounded is-style-rounded--1\"><img loading=\"lazy\" decoding=\"async\" width=\"1024\" height=\"768\" src=\"https:\/\/zahradkari-zelec.cz\/wp-content\/uploads\/2024\/02\/IMG_2677-1024x768.jpg\" alt=\"\" class=\"wp-image-521\" srcset=\"https:\/\/zahradkari-zelec.cz\/wp-content\/uploads\/2024\/02\/IMG_2677-1024x768.jpg 1024w, https:\/\/zahradkari-zelec.cz\/wp-content\/uploads\/2024\/02\/IMG_2677-300x225.jpg 300w, https:\/\/zahradkari-zelec.cz\/wp-content\/uploads\/2024\/02\/IMG_2677-768x576.jpg 768w, https:\/\/zahradkari-zelec.cz\/wp-content\/uploads\/2024\/02\/IMG_2677-1536x1152.jpg 1536w, https:\/\/zahradkari-zelec.cz\/wp-content\/uploads\/2024\/02\/IMG_2677-2048x1536.jpg 2048w\" sizes=\"auto, (max-width: 1024px) 100vw, 1024px\" \/><\/figure>\n<\/div>\n\n\n\n<div class=\"wp-block-group alignfull has-base-background-color has-background has-global-padding is-layout-constrained wp-container-core-group-is-layout-d89aad35 wp-block-group-is-layout-constrained\" style=\"margin-top:0;margin-bottom:0;padding-top:var(--wp--preset--spacing--50);padding-right:var(--wp--preset--spacing--50);padding-bottom:var(--wp--preset--spacing--50);padding-left:var(--wp--preset--spacing--50)\">\n<div class=\"wp-block-columns alignwide is-layout-flex wp-container-core-columns-is-layout-549b0c86 wp-block-columns-is-layout-flex\">\n<div class=\"wp-block-column has-global-padding is-content-justification-left is-layout-constrained wp-container-core-column-is-layout-4f15e8fe wp-block-column-is-layout-constrained\" style=\"flex-basis:40%\">\n<p>\u010cemu se v\u011bnujeme<\/p>\n<\/div>\n\n\n\n<div class=\"wp-block-column is-layout-flow wp-container-core-column-is-layout-119bc444 wp-block-column-is-layout-flow\" style=\"flex-basis:60%\">\n<div class=\"wp-block-columns is-layout-flex wp-container-core-columns-is-layout-87beb0d0 wp-block-columns-is-layout-flex\">\n<div class=\"wp-block-column is-layout-flow wp-block-column-is-layout-flow\">\n<p class=\"wp-container-content-9cfa9a5a\">Abychom se p\u0159ibl\u00ed\u017eili ob\u010dan\u016fm na\u0161\u00ed vesnice, po\u0159\u00e1d\u00e1me ka\u017ed\u00fd rok podzimn\u00ed v\u00fdstavu ovoce a zeleniny a skl\u00edz\u00edme \u00fasp\u011bchy.<br>Z \u0159ad ob\u010dan\u016f sly\u0161\u00edme chv\u00e1lu, kter\u00e1 pot\u011b\u0161\u00ed, ale i kritiku, kter\u00e1 n\u00e1s pob\u00edz\u00ed k tomu, abychom na sob\u011b st\u00e1le pracovali.<\/p>\n<\/div>\n\n\n\n<div class=\"wp-block-column is-layout-flow wp-block-column-is-layout-flow\">\n<p>R\u00e1di bychom n\u00e1\u0161 kolektiv roz\u0161\u00ed\u0159ili i omladili. M\u00e1te-li z\u00e1jem a chu\u0165 s n\u00e1mi&nbsp; spolupracovat, p\u0159ij\u010fte. Odm\u011bnou za na\u0161i \u010distou p\u0159\u00edrodu a zahr\u00e1dky n\u00e1m bude kvalitn\u00ed ovoce i zelenina, vyp\u011bstovan\u00e9 s trp\u011blivost\u00ed a l\u00e1skou.<\/p>\n<\/div>\n<\/div>\n<\/div>\n<\/div>\n<\/div>\n\n\n\n<div class=\"wp-block-cover alignfull is-light has-parallax\" style=\"padding-top:var(--wp--preset--spacing--50);padding-right:var(--wp--preset--spacing--50);padding-bottom:var(--wp--preset--spacing--50);padding-left:var(--wp--preset--spacing--50);min-height:100vh;aspect-ratio:unset;\"><span aria-hidden=\"true\" class=\"wp-block-cover__background has-base-background-color has-background-dim-0 has-background-dim\"><\/span><div role=\"img\" class=\"wp-block-cover__image-background wp-image-523 has-parallax\" style=\"background-position:50% 50%;background-image:url(https:\/\/zahradkari-zelec.cz\/wp-content\/uploads\/2024\/02\/384562817_2074759262871253_2017886350520651830_n-1.jpg)\"><\/div><div class=\"wp-block-cover__inner-container has-global-padding is-layout-constrained wp-container-core-cover-is-layout-e4fd886c wp-block-cover-is-layout-constrained\">\n<div style=\"height:500px\" aria-hidden=\"true\" class=\"wp-block-spacer\"><\/div>\n<\/div><\/div>\n\n\n\n<div class=\"wp-block-group alignfull has-base-2-background-color has-background has-global-padding is-layout-constrained wp-container-core-group-is-layout-7cd14b77 wp-block-group-is-layout-constrained\" style=\"margin-top:0;margin-bottom:0;padding-top:var(--wp--preset--spacing--60);padding-right:var(--wp--preset--spacing--60);padding-bottom:var(--wp--preset--spacing--60);padding-left:var(--wp--preset--spacing--60)\">\n<div class=\"wp-block-group alignwide is-layout-flow wp-block-group-is-layout-flow\">\n<div style=\"height:var(--wp--preset--spacing--50)\" aria-hidden=\"true\" class=\"wp-block-spacer\"><\/div>\n\n\n\n<p class=\"has-text-align-center has-heading-font-family has-x-large-font-size\" style=\"font-style:normal;font-weight:400;line-height:1.2\">Va\u0161e mysl je zahrada a Va\u0161e my\u0161lenky jsou sem\u00ednka. M\u016f\u017eete p\u011bstovat bu\u010f kr\u00e1sn\u00e9 kv\u011btiny nebo plevel. \u2013&nbsp;<em>Brian&nbsp;Tracy<\/em><\/p>\n\n\n\n<div style=\"height:var(--wp--preset--spacing--50)\" aria-hidden=\"true\" class=\"wp-block-spacer\"><\/div>\n<\/div>\n<\/div>\n\n\n\n<div class=\"wp-block-group alignfull has-base-2-color has-contrast-background-color has-text-color has-background has-link-color wp-elements-df59e787f3986d919b39b1bec951899c has-global-padding is-layout-constrained wp-container-core-group-is-layout-facafb6f wp-block-group-is-layout-constrained\" style=\"margin-top:0;margin-bottom:0;padding-top:var(--wp--preset--spacing--50);padding-right:var(--wp--preset--spacing--50);padding-bottom:var(--wp--preset--spacing--50);padding-left:var(--wp--preset--spacing--50)\">\n<div class=\"wp-block-columns alignwide is-layout-flex wp-container-core-columns-is-layout-d1c656ed wp-block-columns-is-layout-flex\">\n<div class=\"wp-block-column is-vertically-aligned-stretch is-layout-flow wp-block-column-is-layout-flow\" style=\"padding-right:0;flex-basis:60%\">\n<div class=\"wp-block-group is-vertical is-content-justification-stretch is-layout-flex wp-container-core-group-is-layout-ae24f51d wp-block-group-is-layout-flex\" style=\"min-height:100%\">\n<figure class=\"wp-block-image size-large is-resized is-style-rounded is-style-rounded--2\"><img loading=\"lazy\" decoding=\"async\" width=\"444\" height=\"1024\" src=\"https:\/\/zahradkari-zelec.cz\/wp-content\/uploads\/2024\/02\/navrh-zahrady-vyrez-444x1024.jpg\" alt=\"\" class=\"wp-image-524\" style=\"aspect-ratio:0.5625;object-fit:cover;width:508px;height:auto\" srcset=\"https:\/\/zahradkari-zelec.cz\/wp-content\/uploads\/2024\/02\/navrh-zahrady-vyrez-444x1024.jpg 444w, https:\/\/zahradkari-zelec.cz\/wp-content\/uploads\/2024\/02\/navrh-zahrady-vyrez-130x300.jpg 130w, https:\/\/zahradkari-zelec.cz\/wp-content\/uploads\/2024\/02\/navrh-zahrady-vyrez.jpg 767w\" sizes=\"auto, (max-width: 444px) 100vw, 444px\" \/><\/figure>\n\n\n\n<p class=\"has-medium-font-size\">Cht\u011bli bychom vytvo\u0159it spole\u010dnou zahradu, kde se budeme potk\u00e1vat a inspirovat. Samotn\u00e1 zahrada by m\u011bla b\u00fdt navr\u017eena hezky, ale s rozmyslem.<\/p>\n<\/div>\n<\/div>\n\n\n\n<div class=\"wp-block-column is-layout-flow wp-block-column-is-layout-flow\" style=\"flex-basis:40%\">\n<div class=\"wp-block-group has-global-padding is-layout-constrained wp-block-group-is-layout-constrained\">\n<p class=\"has-large-font-size\" style=\"font-style:normal;font-weight:500;line-height:1.2\">Co pl\u00e1nujeme<\/p>\n\n\n\n<div style=\"height:var(--wp--preset--spacing--40)\" aria-hidden=\"true\" class=\"wp-block-spacer\"><\/div>\n\n\n\n<div class=\"wp-block-group is-layout-flow wp-block-group-is-layout-flow\">\n<p class=\"has-medium-font-size\">S prvn\u00edmi p\u0159\u00edpravami jsme u\u017e za\u010dali, pokud se k n\u00e1m budete cht\u00edt p\u0159idat, budeme jedin\u011b r\u00e1di. Poj\u010fme si to tu u n\u00e1s ud\u011blat spole\u010dn\u011b hezk\u00e9.<\/p>\n\n\n\n<figure class=\"wp-block-image size-large is-resized is-style-rounded is-style-rounded--3\"><img loading=\"lazy\" decoding=\"async\" width=\"1024\" height=\"768\" src=\"https:\/\/zahradkari-zelec.cz\/wp-content\/uploads\/2024\/02\/420100272_10219153802155623_1227479036934714661_n-1024x768.jpg\" alt=\"\" class=\"wp-image-526\" style=\"aspect-ratio:0.5625;object-fit:cover;width:444px;height:auto\" srcset=\"https:\/\/zahradkari-zelec.cz\/wp-content\/uploads\/2024\/02\/420100272_10219153802155623_1227479036934714661_n-1024x768.jpg 1024w, https:\/\/zahradkari-zelec.cz\/wp-content\/uploads\/2024\/02\/420100272_10219153802155623_1227479036934714661_n-300x225.jpg 300w, https:\/\/zahradkari-zelec.cz\/wp-content\/uploads\/2024\/02\/420100272_10219153802155623_1227479036934714661_n-768x576.jpg 768w, https:\/\/zahradkari-zelec.cz\/wp-content\/uploads\/2024\/02\/420100272_10219153802155623_1227479036934714661_n-1536x1152.jpg 1536w, https:\/\/zahradkari-zelec.cz\/wp-content\/uploads\/2024\/02\/420100272_10219153802155623_1227479036934714661_n.jpg 2048w\" sizes=\"auto, (max-width: 1024px) 100vw, 1024px\" \/><\/figure>\n<\/div>\n<\/div>\n<\/div>\n<\/div>\n<\/div>\n","protected":false},"excerpt":{"rendered":"<p>O spolku Dobr\u00fd den, dovolte, abychom se p\u0159edstavili. Jsme \u201cSpolek zahr\u00e1dk\u00e1\u0159\u016f \u017dele\u010d\u201d, samostatn\u00e1 organizace se s\u00eddlem v \u017del\u010di \u201cna mo\u0161t\u00e1rn\u011b\u201d. P\u016fvodn\u00ed organizace \u010cesk\u00fd svaz zahr\u00e1dk\u00e1\u0159\u016f (\u010cSZ), kter\u00e1 dlouh\u00e1 l\u00e9ta v na\u0161\u00ed obci p\u016fsobila a jej\u00edm\u017e \u010dlenem jsme byli, zanikla. Dob\u0159\u00ed a zku\u0161en\u00ed zahr\u00e1dk\u00e1\u0159i s n\u00e1mi z\u016fstali a my od nich st\u00e1le&nbsp; \u010derp\u00e1me cenn\u00e9 rady a [&hellip;]<\/p>\n","protected":false},"author":1,"featured_media":0,"parent":0,"menu_order":20,"comment_status":"closed","ping_status":"closed","template":"","meta":{"footnotes":""},"class_list":["post-520","page","type-page","status-publish","hentry"],"_links":{"self":[{"href":"https:\/\/zahradkari-zelec.cz\/index.php\/wp-json\/wp\/v2\/pages\/520","targetHints":{"allow":["GET"]}}],"collection":[{"href":"https:\/\/zahradkari-zelec.cz\/index.php\/wp-json\/wp\/v2\/pages"}],"about":[{"href":"https:\/\/zahradkari-zelec.cz\/index.php\/wp-json\/wp\/v2\/types\/page"}],"author":[{"embeddable":true,"href":"https:\/\/zahradkari-zelec.cz\/index.php\/wp-json\/wp\/v2\/users\/1"}],"replies":[{"embeddable":true,"href":"https:\/\/zahradkari-zelec.cz\/index.php\/wp-json\/wp\/v2\/comments?post=520"}],"version-history":[{"count":2,"href":"https:\/\/zahradkari-zelec.cz\/index.php\/wp-json\/wp\/v2\/pages\/520\/revisions"}],"predecessor-version":[{"id":527,"href":"https:\/\/zahradkari-zelec.cz\/index.php\/wp-json\/wp\/v2\/pages\/520\/revisions\/527"}],"wp:attachment":[{"href":"https:\/\/zahradkari-zelec.cz\/index.php\/wp-json\/wp\/v2\/media?parent=520"}],"curies":[{"name":"wp","href":"https:\/\/api.w.org\/{rel}","templated":true}]}}