{"id":1314,"date":"2025-04-02T11:06:23","date_gmt":"2025-04-02T09:06:23","guid":{"rendered":"https:\/\/zahradkari-zelec.cz\/?page_id=1314"},"modified":"2025-09-26T13:27:06","modified_gmt":"2025-09-26T11:27:06","slug":"mas-kuchyne","status":"publish","type":"page","link":"https:\/\/zahradkari-zelec.cz\/index.php\/projekty\/mas-kuchyne\/","title":{"rendered":"Rekonstrukce kuchyn\u011b"},"content":{"rendered":"\n<div class=\"wp-block-group alignfull has-accent-background-color has-background has-global-padding is-layout-constrained wp-container-core-group-is-layout-669513ed wp-block-group-is-layout-constrained\" style=\"margin-top:0;margin-bottom:0;padding-top:var(--wp--preset--spacing--50);padding-right:var(--wp--preset--spacing--50);padding-bottom:var(--wp--preset--spacing--50);padding-left:var(--wp--preset--spacing--50)\">\n<div class=\"wp-block-columns alignwide is-layout-flex wp-container-core-columns-is-layout-1da03c2a wp-block-columns-is-layout-flex\">\n<div class=\"wp-block-column is-vertically-aligned-stretch is-layout-flow wp-block-column-is-layout-flow\" style=\"flex-basis:50%\">\n<div class=\"wp-block-group is-vertical is-content-justification-stretch is-layout-flex wp-container-core-group-is-layout-444d5ee8 wp-block-group-is-layout-flex\" style=\"min-height:100%\">\n<p class=\"has-body-font-family\" style=\"font-size:clamp(0.875rem, 0.875rem + ((1vw - 0.2rem) * 0.375), 1.1rem);line-height:1.4\"><br>Rok 2024 a 2025 je pro n\u00e1s rok velk\u00fdch projekt\u016f. V roce 2024 se n\u00e1m naskytla p\u0159\u00edle\u017eitost za\u017e\u00e1dat jako spolku o dotaci na rekonstrukci kuchyn\u011b. Na v\u00fdro\u010dn\u00ed sch\u016fzi jsme si projekt odsouhlasili a za\u010dali vym\u00fd\u0161let, jak na\u0161i starou kuchy\u0148 posuneme do 21. stolet\u00ed. Ve spolku m\u00e1me spoustu pl\u00e1n\u016f a malink\u00e1 kuchy\u0148ka se star\u00fdmi spot\u0159ebi\u010di u\u017e dlouho nevyhovovala na\u0161im pot\u0159eb\u00e1m.\u00a0<\/p>\n<\/div>\n<\/div>\n\n\n\n<div class=\"wp-block-column is-vertically-aligned-center is-layout-flow wp-block-column-is-layout-flow\" style=\"flex-basis:50%\">\n<figure class=\"wp-block-image size-large is-resized is-style-rounded is-style-rounded--1\"><img loading=\"lazy\" decoding=\"async\" width=\"768\" height=\"1024\" src=\"https:\/\/zahradkari-zelec.cz\/wp-content\/uploads\/2025\/04\/IMG_4248-768x1024.jpg\" alt=\"\" class=\"wp-image-1316\" style=\"object-fit:cover;width:296px;height:auto\" srcset=\"https:\/\/zahradkari-zelec.cz\/wp-content\/uploads\/2025\/04\/IMG_4248-768x1024.jpg 768w, https:\/\/zahradkari-zelec.cz\/wp-content\/uploads\/2025\/04\/IMG_4248-225x300.jpg 225w, https:\/\/zahradkari-zelec.cz\/wp-content\/uploads\/2025\/04\/IMG_4248-1152x1536.jpg 1152w, https:\/\/zahradkari-zelec.cz\/wp-content\/uploads\/2025\/04\/IMG_4248-1536x2048.jpg 1536w, https:\/\/zahradkari-zelec.cz\/wp-content\/uploads\/2025\/04\/IMG_4248-1320x1760.jpg 1320w, https:\/\/zahradkari-zelec.cz\/wp-content\/uploads\/2025\/04\/IMG_4248-scaled.jpg 1920w\" sizes=\"auto, (max-width: 768px) 100vw, 768px\" \/><\/figure>\n<\/div>\n<\/div>\n<\/div>\n\n\n\n<div class=\"wp-block-group alignfull has-base-background-color has-background has-global-padding is-layout-constrained wp-container-core-group-is-layout-d89aad35 wp-block-group-is-layout-constrained\" style=\"margin-top:0;margin-bottom:0;padding-top:var(--wp--preset--spacing--50);padding-right:var(--wp--preset--spacing--50);padding-bottom:var(--wp--preset--spacing--50);padding-left:var(--wp--preset--spacing--50)\">\n<div class=\"wp-block-columns alignwide is-layout-flex wp-container-core-columns-is-layout-549b0c86 wp-block-columns-is-layout-flex\">\n<div class=\"wp-block-column has-global-padding is-content-justification-left is-layout-constrained wp-container-core-column-is-layout-4f15e8fe wp-block-column-is-layout-constrained\" style=\"flex-basis:40%\">\n<figure class=\"wp-block-image size-large is-style-rounded is-style-rounded--2\"><img loading=\"lazy\" decoding=\"async\" width=\"768\" height=\"1024\" src=\"https:\/\/zahradkari-zelec.cz\/wp-content\/uploads\/2025\/09\/a904a75eccc17851fd4a7c0d3af21d1f-768x1024.jpeg\" alt=\"\" class=\"wp-image-1329\" srcset=\"https:\/\/zahradkari-zelec.cz\/wp-content\/uploads\/2025\/09\/a904a75eccc17851fd4a7c0d3af21d1f-768x1024.jpeg 768w, https:\/\/zahradkari-zelec.cz\/wp-content\/uploads\/2025\/09\/a904a75eccc17851fd4a7c0d3af21d1f-225x300.jpeg 225w, https:\/\/zahradkari-zelec.cz\/wp-content\/uploads\/2025\/09\/a904a75eccc17851fd4a7c0d3af21d1f-1152x1536.jpeg 1152w, https:\/\/zahradkari-zelec.cz\/wp-content\/uploads\/2025\/09\/a904a75eccc17851fd4a7c0d3af21d1f-1320x1760.jpeg 1320w, https:\/\/zahradkari-zelec.cz\/wp-content\/uploads\/2025\/09\/a904a75eccc17851fd4a7c0d3af21d1f.jpeg 1536w\" sizes=\"auto, (max-width: 768px) 100vw, 768px\" \/><\/figure>\n<\/div>\n\n\n\n<div class=\"wp-block-column is-layout-flow wp-container-core-column-is-layout-119bc444 wp-block-column-is-layout-flow\" style=\"flex-basis:60%\">\n<p class=\"has-body-font-family\" style=\"font-size:clamp(0.875rem, 0.875rem + ((1vw - 0.2rem) * 0.375), 1.1rem);line-height:1.4\"><br>Z\u00e1sadn\u00edm n\u00e1padem bylo zbourat ze\u010f mezi kuchyn\u00ed a \u0161atnou. \u0160atna byla vyu\u017e\u00edv\u00e1na minim\u00e1ln\u011b a ze\u010f nebyla nosn\u00e1. Zbour\u00e1n\u00edm zdi se n\u00e1m otev\u0159el prostor a dostali jsme do kuchyn\u011b i p\u0159irozen\u00e9 sv\u011btlo.<\/p>\n<\/div>\n<\/div>\n<\/div>\n\n\n\n<div class=\"wp-block-group alignfull has-accent-5-background-color has-background has-global-padding is-layout-constrained wp-container-core-group-is-layout-d89aad35 wp-block-group-is-layout-constrained\" style=\"margin-top:0;margin-bottom:0;padding-top:var(--wp--preset--spacing--50);padding-right:var(--wp--preset--spacing--50);padding-bottom:var(--wp--preset--spacing--50);padding-left:var(--wp--preset--spacing--50)\">\n<div class=\"wp-block-group alignwide has-global-padding is-content-justification-center is-layout-constrained wp-block-group-is-layout-constrained\">\n<div class=\"wp-block-columns alignwide is-layout-flex wp-container-core-columns-is-layout-1da03c2a wp-block-columns-is-layout-flex\">\n<div class=\"wp-block-column is-vertically-aligned-center is-layout-flow wp-block-column-is-layout-flow\" style=\"flex-basis:60%\">\n<figure class=\"wp-block-image size-full is-style-rounded wp-duotone-duotone-1 is-style-rounded--3\"><img loading=\"lazy\" decoding=\"async\" width=\"1536\" height=\"2048\" src=\"https:\/\/zahradkari-zelec.cz\/wp-content\/uploads\/2025\/09\/0b9ad988f98decdd9d910caa4b24affd.jpeg\" alt=\"\" class=\"wp-image-1330\" style=\"aspect-ratio:1.3333333333333333;object-fit:cover\" srcset=\"https:\/\/zahradkari-zelec.cz\/wp-content\/uploads\/2025\/09\/0b9ad988f98decdd9d910caa4b24affd.jpeg 1536w, https:\/\/zahradkari-zelec.cz\/wp-content\/uploads\/2025\/09\/0b9ad988f98decdd9d910caa4b24affd-225x300.jpeg 225w, https:\/\/zahradkari-zelec.cz\/wp-content\/uploads\/2025\/09\/0b9ad988f98decdd9d910caa4b24affd-768x1024.jpeg 768w, https:\/\/zahradkari-zelec.cz\/wp-content\/uploads\/2025\/09\/0b9ad988f98decdd9d910caa4b24affd-1152x1536.jpeg 1152w, https:\/\/zahradkari-zelec.cz\/wp-content\/uploads\/2025\/09\/0b9ad988f98decdd9d910caa4b24affd-1320x1760.jpeg 1320w\" sizes=\"auto, (max-width: 1536px) 100vw, 1536px\" \/><\/figure>\n<\/div>\n\n\n\n<div class=\"wp-block-column is-layout-flow wp-block-column-is-layout-flow\" style=\"flex-basis:40%\">\n<p class=\"has-body-font-family\" style=\"font-size:clamp(0.875rem, 0.875rem + ((1vw - 0.2rem) * 0.375), 1.1rem);\">Kdy\u017e u\u017e jsme se dostali na cihlu, bylo pot\u0159eba rozt\u00e1hnout novou elektroinstalaci, aby ut\u00e1hla nov\u00e9 pl\u00e1novan\u00e9 spot\u0159ebi\u010de a ud\u011blal se nov\u00fd rozvod vody a odpadu. N\u00e1sledovala pokl\u00e1dka podlahy a n\u00e1sledn\u011b instalace samotn\u00e9 kuchyn\u011b se spot\u0159ebi\u010di.<\/p>\n<\/div>\n<\/div>\n<\/div>\n\n\n\n<div class=\"wp-block-media-text alignfull has-media-on-the-right is-stacked-on-mobile is-vertically-aligned-center is-style-default has-base-2-background-color has-background\" style=\"border-radius:0px;grid-template-columns:auto 45%\"><div class=\"wp-block-media-text__content\">\n<p class=\"has-contrast-color has-text-color\" style=\"font-size:clamp(0.875rem, 0.875rem + ((1vw - 0.2rem) * 0.375), 1.1rem);line-height:1.4\">Nakonec u\u017e jen naplnit sk\u0159\u00ed\u0148ky nov\u00fdm vybaven\u00ed a celou kuchy\u0148 um\u00fdt.\u00a0<\/p>\n<\/div><figure class=\"wp-block-media-text__media\"><img loading=\"lazy\" decoding=\"async\" width=\"1024\" height=\"768\" src=\"https:\/\/zahradkari-zelec.cz\/wp-content\/uploads\/2025\/09\/IMG_6769-1024x768.jpg\" alt=\"\" class=\"wp-image-1359 size-full\" srcset=\"https:\/\/zahradkari-zelec.cz\/wp-content\/uploads\/2025\/09\/IMG_6769-1024x768.jpg 1024w, https:\/\/zahradkari-zelec.cz\/wp-content\/uploads\/2025\/09\/IMG_6769-300x225.jpg 300w, https:\/\/zahradkari-zelec.cz\/wp-content\/uploads\/2025\/09\/IMG_6769-768x576.jpg 768w, https:\/\/zahradkari-zelec.cz\/wp-content\/uploads\/2025\/09\/IMG_6769-1536x1152.jpg 1536w, https:\/\/zahradkari-zelec.cz\/wp-content\/uploads\/2025\/09\/IMG_6769-2048x1536.jpg 2048w, https:\/\/zahradkari-zelec.cz\/wp-content\/uploads\/2025\/09\/IMG_6769-1320x990.jpg 1320w\" sizes=\"auto, (max-width: 1024px) 100vw, 1024px\" \/><\/figure><\/div>\n<\/div>\n\n\n\n<div class=\"wp-block-group alignfull has-global-padding is-layout-constrained wp-container-core-group-is-layout-d89aad35 wp-block-group-is-layout-constrained\" style=\"margin-top:0;margin-bottom:0;padding-top:var(--wp--preset--spacing--50);padding-right:var(--wp--preset--spacing--50);padding-bottom:var(--wp--preset--spacing--50);padding-left:var(--wp--preset--spacing--50)\">\n<div class=\"wp-block-columns alignwide are-vertically-aligned-center is-layout-flex wp-container-core-columns-is-layout-47c06fe3 wp-block-columns-is-layout-flex\">\n<div class=\"wp-block-column is-vertically-aligned-center is-layout-flow wp-block-column-is-layout-flow\" style=\"flex-basis:50%\">\n<p style=\"font-size:clamp(0.875rem, 0.875rem + ((1vw - 0.2rem) * 0.375), 1.1rem);\">Se zaji\u0161t\u011bn\u00edm dotace n\u00e1m pomohla MASka Han\u00e1ck\u00fd venkov.<\/p>\n\n\n\n<p style=\"font-size:clamp(0.875rem, 0.875rem + ((1vw - 0.2rem) * 0.375), 1.1rem);\">Financov\u00e1n\u00ed projektu zahrnuje novou kuchy\u0148 a jej\u00ed vybaven\u00ed. <\/p>\n\n\n\n<p style=\"font-size:clamp(0.875rem, 0.875rem + ((1vw - 0.2rem) * 0.375), 1.1rem);\">Vzhledem k rozs\u00e1hlosti rekonstrukce byly soukrom\u00e9 v\u00fddaje vy\u0161\u0161\u00ed ne\u017e p\u0159i \u017e\u00e1d\u00e1n\u00ed o dotaci. Bylo nutn\u00e9 ud\u011blat \u010d\u00e1st elektroinstalace a novou podlahu. Ve\u0161ker\u00e9 soukrom\u00e9 v\u00fddaje pokryla dotace od obce \u017dele\u010d. Zednick\u00fdch prac\u00ed a drobn\u00fdch \u00faprav se ujali \u010dlenov\u00e9 zahr\u00e1dk\u00e1\u0159sk\u00e9ho spolku.<\/p>\n\n\n\n<p style=\"font-size:clamp(0.875rem, 0.875rem + ((1vw - 0.2rem) * 0.375), 1.1rem);\">D\u011bkujeme v\u0161em kdo se pod\u00edleli na uskute\u010dn\u011bn\u00ed projektu, jak finan\u010dn\u011b, tak i svoj\u00ed prac\u00ed.<\/p>\n<\/div>\n\n\n\n<div class=\"wp-block-column is-vertically-aligned-center is-layout-flow wp-block-column-is-layout-flow\" style=\"flex-basis:50%\">\n<div class=\"wp-block-columns is-layout-flex wp-container-core-columns-is-layout-28f84493 wp-block-columns-is-layout-flex\">\n<div class=\"wp-block-column is-layout-flow wp-block-column-is-layout-flow\" style=\"flex-basis:100%\">\n<figure class=\"wp-block-table has-small-font-size\"><table class=\"has-fixed-layout\"><tbody><tr><td colspan=\"3\"><strong>Dotace SZIF<\/strong><\/td><\/tr><tr><td>Celkov\u00e9 v\u00fddaje projektu<\/td><td class=\"has-text-align-right\" data-align=\"right\">122&nbsp;368&nbsp;K\u010d<\/td><td class=\"has-text-align-center\" data-align=\"center\">100&nbsp;%<\/td><\/tr><tr><td>Dotace<\/td><td class=\"has-text-align-right\" data-align=\"right\">97&nbsp;894&nbsp;K\u010d<\/td><td class=\"has-text-align-center\" data-align=\"center\">80&nbsp;%<\/td><\/tr><tr><td>Soukrom\u00e9 v\u00fddaje \u017eadatele<\/td><td class=\"has-text-align-right\" data-align=\"right\">24&nbsp;474&nbsp;K\u010d<\/td><td class=\"has-text-align-center\" data-align=\"center\">20&nbsp;%<\/td><\/tr><\/tbody><\/table><\/figure>\n<\/div>\n<\/div>\n\n\n\n<figure class=\"wp-block-image size-full\"><img loading=\"lazy\" decoding=\"async\" width=\"477\" height=\"167\" src=\"https:\/\/zahradkari-zelec.cz\/wp-content\/uploads\/2025\/09\/Snimek-obrazovky-2025-09-13-v-23.14.04.png\" alt=\"\" class=\"wp-image-1334\" srcset=\"https:\/\/zahradkari-zelec.cz\/wp-content\/uploads\/2025\/09\/Snimek-obrazovky-2025-09-13-v-23.14.04.png 477w, https:\/\/zahradkari-zelec.cz\/wp-content\/uploads\/2025\/09\/Snimek-obrazovky-2025-09-13-v-23.14.04-300x105.png 300w\" sizes=\"auto, (max-width: 477px) 100vw, 477px\" \/><\/figure>\n<\/div>\n<\/div>\n\n\n\n<h2 class=\"wp-block-heading\">Video z rekonstrukce<\/h2>\n\n\n\n<figure class=\"wp-block-embed is-type-video is-provider-youtube wp-block-embed-youtube wp-embed-aspect-16-9 wp-has-aspect-ratio\"><div class=\"wp-block-embed__wrapper\">\n<iframe loading=\"lazy\" title=\"Zahr\u00e1dk\u00e1\u0159i \u017dele\u010d - Rekonstrukce kuchyn\u011b\" width=\"500\" height=\"281\" src=\"https:\/\/www.youtube.com\/embed\/weEDc7b9GEc?feature=oembed\" frameborder=\"0\" allow=\"accelerometer; autoplay; clipboard-write; encrypted-media; gyroscope; picture-in-picture; web-share\" referrerpolicy=\"strict-origin-when-cross-origin\" allowfullscreen><\/iframe>\n<\/div><\/figure>\n\n\n\n<figure class=\"wp-block-image size-full\"><img loading=\"lazy\" decoding=\"async\" width=\"994\" height=\"703\" src=\"https:\/\/zahradkari-zelec.cz\/wp-content\/uploads\/2025\/09\/publicita_rekonstrukce-kuchyne-zahradkari.png\" alt=\"\" class=\"wp-image-1368\" srcset=\"https:\/\/zahradkari-zelec.cz\/wp-content\/uploads\/2025\/09\/publicita_rekonstrukce-kuchyne-zahradkari.png 994w, https:\/\/zahradkari-zelec.cz\/wp-content\/uploads\/2025\/09\/publicita_rekonstrukce-kuchyne-zahradkari-300x212.png 300w, https:\/\/zahradkari-zelec.cz\/wp-content\/uploads\/2025\/09\/publicita_rekonstrukce-kuchyne-zahradkari-768x543.png 768w\" sizes=\"auto, (max-width: 994px) 100vw, 994px\" \/><\/figure>\n<\/div>\n","protected":false},"excerpt":{"rendered":"<p>Rok 2024 a 2025 je pro n\u00e1s rok velk\u00fdch projekt\u016f. V roce 2024 se n\u00e1m naskytla p\u0159\u00edle\u017eitost za\u017e\u00e1dat jako spolku o dotaci na rekonstrukci kuchyn\u011b. Na v\u00fdro\u010dn\u00ed sch\u016fzi jsme si projekt odsouhlasili a za\u010dali vym\u00fd\u0161let, jak na\u0161i starou kuchy\u0148 posuneme do 21. stolet\u00ed. Ve spolku m\u00e1me spoustu pl\u00e1n\u016f a malink\u00e1 kuchy\u0148ka se star\u00fdmi spot\u0159ebi\u010di u\u017e [&hellip;]<\/p>\n","protected":false},"author":1,"featured_media":1335,"parent":1321,"menu_order":0,"comment_status":"closed","ping_status":"closed","template":"","meta":{"footnotes":""},"class_list":["post-1314","page","type-page","status-publish","has-post-thumbnail","hentry"],"_links":{"self":[{"href":"https:\/\/zahradkari-zelec.cz\/index.php\/wp-json\/wp\/v2\/pages\/1314","targetHints":{"allow":["GET"]}}],"collection":[{"href":"https:\/\/zahradkari-zelec.cz\/index.php\/wp-json\/wp\/v2\/pages"}],"about":[{"href":"https:\/\/zahradkari-zelec.cz\/index.php\/wp-json\/wp\/v2\/types\/page"}],"author":[{"embeddable":true,"href":"https:\/\/zahradkari-zelec.cz\/index.php\/wp-json\/wp\/v2\/users\/1"}],"replies":[{"embeddable":true,"href":"https:\/\/zahradkari-zelec.cz\/index.php\/wp-json\/wp\/v2\/comments?post=1314"}],"version-history":[{"count":24,"href":"https:\/\/zahradkari-zelec.cz\/index.php\/wp-json\/wp\/v2\/pages\/1314\/revisions"}],"predecessor-version":[{"id":1369,"href":"https:\/\/zahradkari-zelec.cz\/index.php\/wp-json\/wp\/v2\/pages\/1314\/revisions\/1369"}],"up":[{"embeddable":true,"href":"https:\/\/zahradkari-zelec.cz\/index.php\/wp-json\/wp\/v2\/pages\/1321"}],"wp:featuredmedia":[{"embeddable":true,"href":"https:\/\/zahradkari-zelec.cz\/index.php\/wp-json\/wp\/v2\/media\/1335"}],"wp:attachment":[{"href":"https:\/\/zahradkari-zelec.cz\/index.php\/wp-json\/wp\/v2\/media?parent=1314"}],"curies":[{"name":"wp","href":"https:\/\/api.w.org\/{rel}","templated":true}]}}